{"id":546,"date":"2024-12-17T21:18:02","date_gmt":"2024-12-17T21:18:02","guid":{"rendered":"https:\/\/www.ijslandsehondintwente.nl\/?page_id=546"},"modified":"2024-12-18T21:48:55","modified_gmt":"2024-12-18T21:48:55","slug":"gastgezin","status":"publish","type":"page","link":"https:\/\/www.ijslandsehondintwente.nl\/?page_id=546","title":{"rendered":"Gastgezin"},"content":{"rendered":"\t\t<div data-elementor-type=\"wp-page\" data-elementor-id=\"546\" class=\"elementor elementor-546\">\n\t\t\t\t<div class=\"elementor-element elementor-element-58bfa9e e-flex e-con-boxed e-con e-parent\" data-id=\"58bfa9e\" data-element_type=\"container\" data-e-type=\"container\">\n\t\t\t\t\t<div class=\"e-con-inner\">\n\t\t\t\t<div class=\"elementor-element elementor-element-624edee elementor-widget elementor-widget-image\" data-id=\"624edee\" data-element_type=\"widget\" data-e-type=\"widget\" data-widget_type=\"image.default\">\n\t\t\t\t<div class=\"elementor-widget-container\">\n\t\t\t\t\t\t\t\t\t\t\t\t\t\t\t<img fetchpriority=\"high\" decoding=\"async\" width=\"800\" height=\"848\" src=\"https:\/\/www.ijslandsehondintwente.nl\/wp-content\/uploads\/2024\/12\/Sokka-2-966x1024.jpg\" class=\"attachment-large size-large wp-image-548\" alt=\"Sokka IJslandse Hond in Twente\" srcset=\"https:\/\/www.ijslandsehondintwente.nl\/wp-content\/uploads\/2024\/12\/Sokka-2-966x1024.jpg 966w, https:\/\/www.ijslandsehondintwente.nl\/wp-content\/uploads\/2024\/12\/Sokka-2-283x300.jpg 283w, https:\/\/www.ijslandsehondintwente.nl\/wp-content\/uploads\/2024\/12\/Sokka-2-768x814.jpg 768w, https:\/\/www.ijslandsehondintwente.nl\/wp-content\/uploads\/2024\/12\/Sokka-2-1450x1536.jpg 1450w, https:\/\/www.ijslandsehondintwente.nl\/wp-content\/uploads\/2024\/12\/Sokka-2.jpg 1510w\" sizes=\"(max-width: 800px) 100vw, 800px\" \/>\t\t\t\t\t\t\t\t\t\t\t\t\t\t\t<\/div>\n\t\t\t\t<\/div>\n\t\t\t\t\t<\/div>\n\t\t\t\t<\/div>\n\t\t<div class=\"elementor-element elementor-element-57e01cf e-flex e-con-boxed e-con e-parent\" data-id=\"57e01cf\" data-element_type=\"container\" data-e-type=\"container\">\n\t\t\t\t\t<div class=\"e-con-inner\">\n\t\t<div class=\"elementor-element elementor-element-2128c42 e-con-full e-flex e-con e-child\" data-id=\"2128c42\" data-element_type=\"container\" data-e-type=\"container\">\n\t\t\t\t<div class=\"elementor-element elementor-element-6181183 elementor-widget__width-initial elementor-widget elementor-widget-text-editor\" data-id=\"6181183\" data-element_type=\"widget\" data-e-type=\"widget\" data-widget_type=\"text-editor.default\">\n\t\t\t\t<div class=\"elementor-widget-container\">\n\t\t\t\t\t\t\t\t\t<h4>Gastgezin gezocht<\/h4><p>Zo nu en dan zoeken wij een gastgezin. <br \/>Dit keer\u00a0 voor onze Sokka.<br \/>Sokka is een teefje van nu 9 weken oud en het is de bedoeling dat wij haar op gaan halen in Polen in januari 2025. Sokka is een dochter van Daika fra S\u00e6lingurlenor en Prins Oslo Fr\u00e1H\u00e1lendi<\/p>\t\t\t\t\t\t\t\t<\/div>\n\t\t\t\t<\/div>\n\t\t\t\t<\/div>\n\t\t<div class=\"elementor-element elementor-element-a2abdfa e-con-full e-flex e-con e-child\" data-id=\"a2abdfa\" data-element_type=\"container\" data-e-type=\"container\">\n\t\t\t\t<div class=\"elementor-element elementor-element-0f4ba78 elementor-widget elementor-widget-text-editor\" data-id=\"0f4ba78\" data-element_type=\"widget\" data-e-type=\"widget\" data-widget_type=\"text-editor.default\">\n\t\t\t\t<div class=\"elementor-widget-container\">\n\t\t\t\t\t\t\t\t\t<h4>Fosterfamily<\/h4><p>Sometimes we&#8217;re looking for a fosterfamily.<br \/>This time for our Sokka.<br \/>Sokka is a pretty female of 9 weeks old<\/p>\t\t\t\t\t\t\t\t<\/div>\n\t\t\t\t<\/div>\n\t\t\t\t<\/div>\n\t\t\t\t\t<\/div>\n\t\t\t\t<\/div>\n\t\t<div class=\"elementor-element elementor-element-0f6f693 e-flex e-con-boxed e-con e-parent\" data-id=\"0f6f693\" data-element_type=\"container\" data-e-type=\"container\">\n\t\t\t\t\t<div class=\"e-con-inner\">\n\t\t\t\t<div class=\"elementor-element elementor-element-c53ba80 elementor-widget elementor-widget-image\" data-id=\"c53ba80\" data-element_type=\"widget\" data-e-type=\"widget\" data-widget_type=\"image.default\">\n\t\t\t\t<div class=\"elementor-widget-container\">\n\t\t\t\t\t\t\t\t\t\t\t\t\t\t\t<img decoding=\"async\" width=\"800\" height=\"534\" src=\"https:\/\/www.ijslandsehondintwente.nl\/wp-content\/uploads\/2024\/12\/Sokka-1024x684.jpg\" class=\"attachment-large size-large wp-image-549\" alt=\"Sokka IJslandse Hond in Twente\" srcset=\"https:\/\/www.ijslandsehondintwente.nl\/wp-content\/uploads\/2024\/12\/Sokka-1024x684.jpg 1024w, https:\/\/www.ijslandsehondintwente.nl\/wp-content\/uploads\/2024\/12\/Sokka-300x200.jpg 300w, https:\/\/www.ijslandsehondintwente.nl\/wp-content\/uploads\/2024\/12\/Sokka-768x513.jpg 768w, https:\/\/www.ijslandsehondintwente.nl\/wp-content\/uploads\/2024\/12\/Sokka-1536x1026.jpg 1536w, https:\/\/www.ijslandsehondintwente.nl\/wp-content\/uploads\/2024\/12\/Sokka.jpg 1600w\" sizes=\"(max-width: 800px) 100vw, 800px\" \/>\t\t\t\t\t\t\t\t\t\t\t\t\t\t\t<\/div>\n\t\t\t\t<\/div>\n\t\t\t\t\t<\/div>\n\t\t\t\t<\/div>\n\t\t<div class=\"elementor-element elementor-element-8f2bd8a e-flex e-con-boxed e-con e-parent\" data-id=\"8f2bd8a\" data-element_type=\"container\" data-e-type=\"container\">\n\t\t\t\t\t<div class=\"e-con-inner\">\n\t\t\t\t<div class=\"elementor-element elementor-element-447ea95 elementor-widget elementor-widget-image\" data-id=\"447ea95\" data-element_type=\"widget\" data-e-type=\"widget\" data-widget_type=\"image.default\">\n\t\t\t\t<div class=\"elementor-widget-container\">\n\t\t\t\t\t\t\t\t\t\t\t\t\t\t\t<img decoding=\"async\" width=\"728\" height=\"1024\" src=\"https:\/\/www.ijslandsehondintwente.nl\/wp-content\/uploads\/2024\/12\/464075167_10228664223642993_1276766997689278042_n-728x1024.jpg\" class=\"attachment-large size-large wp-image-550\" alt=\"Pups IJslandse Honden\" srcset=\"https:\/\/www.ijslandsehondintwente.nl\/wp-content\/uploads\/2024\/12\/464075167_10228664223642993_1276766997689278042_n-728x1024.jpg 728w, https:\/\/www.ijslandsehondintwente.nl\/wp-content\/uploads\/2024\/12\/464075167_10228664223642993_1276766997689278042_n-213x300.jpg 213w, https:\/\/www.ijslandsehondintwente.nl\/wp-content\/uploads\/2024\/12\/464075167_10228664223642993_1276766997689278042_n-768x1080.jpg 768w, https:\/\/www.ijslandsehondintwente.nl\/wp-content\/uploads\/2024\/12\/464075167_10228664223642993_1276766997689278042_n-1092x1536.jpg 1092w, https:\/\/www.ijslandsehondintwente.nl\/wp-content\/uploads\/2024\/12\/464075167_10228664223642993_1276766997689278042_n.jpg 1456w\" sizes=\"(max-width: 728px) 100vw, 728px\" \/>\t\t\t\t\t\t\t\t\t\t\t\t\t\t\t<\/div>\n\t\t\t\t<\/div>\n\t\t\t\t\t<\/div>\n\t\t\t\t<\/div>\n\t\t<div class=\"elementor-element elementor-element-ad76092 e-flex e-con-boxed e-con e-parent\" data-id=\"ad76092\" data-element_type=\"container\" data-e-type=\"container\">\n\t\t\t\t\t<div class=\"e-con-inner\">\n\t\t\t\t<div class=\"elementor-element elementor-element-055daaf elementor-widget elementor-widget-spacer\" data-id=\"055daaf\" data-element_type=\"widget\" data-e-type=\"widget\" data-widget_type=\"spacer.default\">\n\t\t\t\t<div class=\"elementor-widget-container\">\n\t\t\t\t\t\t\t<div class=\"elementor-spacer\">\n\t\t\t<div class=\"elementor-spacer-inner\"><\/div>\n\t\t<\/div>\n\t\t\t\t\t\t<\/div>\n\t\t\t\t<\/div>\n\t\t\t\t\t<\/div>\n\t\t\t\t<\/div>\n\t\t\t\t<\/div>\n\t\t","protected":false},"excerpt":{"rendered":"<p>Gastgezin gezocht Zo nu en dan zoeken wij een gastgezin. Dit keer\u00a0 voor onze Sokka.Sokka is een teefje van nu 9 weken oud en het is de bedoeling dat wij &#8230;<\/p>\n","protected":false},"author":3317,"featured_media":0,"parent":0,"menu_order":0,"comment_status":"closed","ping_status":"closed","template":"","meta":{"footnotes":""},"class_list":["post-546","page","type-page","status-publish","hentry"],"yoast_head":"<!-- This site is optimized with the Yoast SEO plugin v27.5 - https:\/\/yoast.com\/product\/yoast-seo-wordpress\/ -->\n<title>Gastgezin - IJslandse hond in twente<\/title>\n<meta name=\"robots\" content=\"index, follow, max-snippet:-1, max-image-preview:large, max-video-preview:-1\" \/>\n<link rel=\"canonical\" href=\"https:\/\/www.ijslandsehondintwente.nl\/?page_id=546\" \/>\n<meta property=\"og:locale\" content=\"nl_NL\" \/>\n<meta property=\"og:type\" content=\"article\" \/>\n<meta property=\"og:title\" content=\"Gastgezin - IJslandse hond in twente\" \/>\n<meta property=\"og:description\" content=\"Gastgezin gezocht Zo nu en dan zoeken wij een gastgezin. Dit keer\u00a0 voor onze Sokka.Sokka is een teefje van nu 9 weken oud en het is de bedoeling dat wij ...\" \/>\n<meta property=\"og:url\" content=\"https:\/\/www.ijslandsehondintwente.nl\/?page_id=546\" \/>\n<meta property=\"og:site_name\" content=\"IJslandse hond in twente\" \/>\n<meta property=\"article:modified_time\" content=\"2024-12-18T21:48:55+00:00\" \/>\n<meta property=\"og:image\" content=\"https:\/\/www.ijslandsehondintwente.nl\/wp-content\/uploads\/2024\/12\/Sokka-2.jpg\" \/>\n\t<meta property=\"og:image:width\" content=\"1510\" \/>\n\t<meta property=\"og:image:height\" content=\"1600\" \/>\n\t<meta property=\"og:image:type\" content=\"image\/jpeg\" \/>\n<meta name=\"twitter:card\" content=\"summary_large_image\" \/>\n<meta name=\"twitter:label1\" content=\"Geschatte leestijd\" \/>\n\t<meta name=\"twitter:data1\" content=\"1 minuut\" \/>\n<script type=\"application\/ld+json\" class=\"yoast-schema-graph\">{\"@context\":\"https:\\\/\\\/schema.org\",\"@graph\":[{\"@type\":\"WebPage\",\"@id\":\"https:\\\/\\\/www.ijslandsehondintwente.nl\\\/?page_id=546\",\"url\":\"https:\\\/\\\/www.ijslandsehondintwente.nl\\\/?page_id=546\",\"name\":\"Gastgezin - IJslandse hond in twente\",\"isPartOf\":{\"@id\":\"https:\\\/\\\/www.ijslandsehondintwente.nl\\\/#website\"},\"primaryImageOfPage\":{\"@id\":\"https:\\\/\\\/www.ijslandsehondintwente.nl\\\/?page_id=546#primaryimage\"},\"image\":{\"@id\":\"https:\\\/\\\/www.ijslandsehondintwente.nl\\\/?page_id=546#primaryimage\"},\"thumbnailUrl\":\"https:\\\/\\\/www.ijslandsehondintwente.nl\\\/wp-content\\\/uploads\\\/2024\\\/12\\\/Sokka-2-966x1024.jpg\",\"datePublished\":\"2024-12-17T21:18:02+00:00\",\"dateModified\":\"2024-12-18T21:48:55+00:00\",\"breadcrumb\":{\"@id\":\"https:\\\/\\\/www.ijslandsehondintwente.nl\\\/?page_id=546#breadcrumb\"},\"inLanguage\":\"nl-NL\",\"potentialAction\":[{\"@type\":\"ReadAction\",\"target\":[\"https:\\\/\\\/www.ijslandsehondintwente.nl\\\/?page_id=546\"]}]},{\"@type\":\"ImageObject\",\"inLanguage\":\"nl-NL\",\"@id\":\"https:\\\/\\\/www.ijslandsehondintwente.nl\\\/?page_id=546#primaryimage\",\"url\":\"https:\\\/\\\/www.ijslandsehondintwente.nl\\\/wp-content\\\/uploads\\\/2024\\\/12\\\/Sokka-2.jpg\",\"contentUrl\":\"https:\\\/\\\/www.ijslandsehondintwente.nl\\\/wp-content\\\/uploads\\\/2024\\\/12\\\/Sokka-2.jpg\",\"width\":1510,\"height\":1600,\"caption\":\"Sokka IJslandse Hond in Twente\"},{\"@type\":\"BreadcrumbList\",\"@id\":\"https:\\\/\\\/www.ijslandsehondintwente.nl\\\/?page_id=546#breadcrumb\",\"itemListElement\":[{\"@type\":\"ListItem\",\"position\":1,\"name\":\"Home\",\"item\":\"https:\\\/\\\/www.ijslandsehondintwente.nl\\\/\"},{\"@type\":\"ListItem\",\"position\":2,\"name\":\"Gastgezin\"}]},{\"@type\":\"WebSite\",\"@id\":\"https:\\\/\\\/www.ijslandsehondintwente.nl\\\/#website\",\"url\":\"https:\\\/\\\/www.ijslandsehondintwente.nl\\\/\",\"name\":\"IJslandse hond in twente\",\"description\":\"Alles over de IJslandse Hond\",\"publisher\":{\"@id\":\"https:\\\/\\\/www.ijslandsehondintwente.nl\\\/#organization\"},\"potentialAction\":[{\"@type\":\"SearchAction\",\"target\":{\"@type\":\"EntryPoint\",\"urlTemplate\":\"https:\\\/\\\/www.ijslandsehondintwente.nl\\\/?s={search_term_string}\"},\"query-input\":{\"@type\":\"PropertyValueSpecification\",\"valueRequired\":true,\"valueName\":\"search_term_string\"}}],\"inLanguage\":\"nl-NL\"},{\"@type\":\"Organization\",\"@id\":\"https:\\\/\\\/www.ijslandsehondintwente.nl\\\/#organization\",\"name\":\"IJslandse hond in twente\",\"url\":\"https:\\\/\\\/www.ijslandsehondintwente.nl\\\/\",\"logo\":{\"@type\":\"ImageObject\",\"inLanguage\":\"nl-NL\",\"@id\":\"https:\\\/\\\/www.ijslandsehondintwente.nl\\\/#\\\/schema\\\/logo\\\/image\\\/\",\"url\":\"https:\\\/\\\/www.ijslandsehondintwente.nl\\\/wp-content\\\/uploads\\\/2023\\\/08\\\/cropped-logo-IJslandse-Honden-in-Twente-scaled-1.jpg\",\"contentUrl\":\"https:\\\/\\\/www.ijslandsehondintwente.nl\\\/wp-content\\\/uploads\\\/2023\\\/08\\\/cropped-logo-IJslandse-Honden-in-Twente-scaled-1.jpg\",\"width\":2558,\"height\":982,\"caption\":\"IJslandse hond in  twente\"},\"image\":{\"@id\":\"https:\\\/\\\/www.ijslandsehondintwente.nl\\\/#\\\/schema\\\/logo\\\/image\\\/\"}}]}<\/script>\n<!-- \/ Yoast SEO plugin. -->","yoast_head_json":{"title":"Gastgezin - IJslandse hond in twente","robots":{"index":"index","follow":"follow","max-snippet":"max-snippet:-1","max-image-preview":"max-image-preview:large","max-video-preview":"max-video-preview:-1"},"canonical":"https:\/\/www.ijslandsehondintwente.nl\/?page_id=546","og_locale":"nl_NL","og_type":"article","og_title":"Gastgezin - IJslandse hond in twente","og_description":"Gastgezin gezocht Zo nu en dan zoeken wij een gastgezin. Dit keer\u00a0 voor onze Sokka.Sokka is een teefje van nu 9 weken oud en het is de bedoeling dat wij ...","og_url":"https:\/\/www.ijslandsehondintwente.nl\/?page_id=546","og_site_name":"IJslandse hond in twente","article_modified_time":"2024-12-18T21:48:55+00:00","og_image":[{"width":1510,"height":1600,"url":"https:\/\/www.ijslandsehondintwente.nl\/wp-content\/uploads\/2024\/12\/Sokka-2.jpg","type":"image\/jpeg"}],"twitter_card":"summary_large_image","twitter_misc":{"Geschatte leestijd":"1 minuut"},"schema":{"@context":"https:\/\/schema.org","@graph":[{"@type":"WebPage","@id":"https:\/\/www.ijslandsehondintwente.nl\/?page_id=546","url":"https:\/\/www.ijslandsehondintwente.nl\/?page_id=546","name":"Gastgezin - IJslandse hond in twente","isPartOf":{"@id":"https:\/\/www.ijslandsehondintwente.nl\/#website"},"primaryImageOfPage":{"@id":"https:\/\/www.ijslandsehondintwente.nl\/?page_id=546#primaryimage"},"image":{"@id":"https:\/\/www.ijslandsehondintwente.nl\/?page_id=546#primaryimage"},"thumbnailUrl":"https:\/\/www.ijslandsehondintwente.nl\/wp-content\/uploads\/2024\/12\/Sokka-2-966x1024.jpg","datePublished":"2024-12-17T21:18:02+00:00","dateModified":"2024-12-18T21:48:55+00:00","breadcrumb":{"@id":"https:\/\/www.ijslandsehondintwente.nl\/?page_id=546#breadcrumb"},"inLanguage":"nl-NL","potentialAction":[{"@type":"ReadAction","target":["https:\/\/www.ijslandsehondintwente.nl\/?page_id=546"]}]},{"@type":"ImageObject","inLanguage":"nl-NL","@id":"https:\/\/www.ijslandsehondintwente.nl\/?page_id=546#primaryimage","url":"https:\/\/www.ijslandsehondintwente.nl\/wp-content\/uploads\/2024\/12\/Sokka-2.jpg","contentUrl":"https:\/\/www.ijslandsehondintwente.nl\/wp-content\/uploads\/2024\/12\/Sokka-2.jpg","width":1510,"height":1600,"caption":"Sokka IJslandse Hond in Twente"},{"@type":"BreadcrumbList","@id":"https:\/\/www.ijslandsehondintwente.nl\/?page_id=546#breadcrumb","itemListElement":[{"@type":"ListItem","position":1,"name":"Home","item":"https:\/\/www.ijslandsehondintwente.nl\/"},{"@type":"ListItem","position":2,"name":"Gastgezin"}]},{"@type":"WebSite","@id":"https:\/\/www.ijslandsehondintwente.nl\/#website","url":"https:\/\/www.ijslandsehondintwente.nl\/","name":"IJslandse hond in twente","description":"Alles over de IJslandse Hond","publisher":{"@id":"https:\/\/www.ijslandsehondintwente.nl\/#organization"},"potentialAction":[{"@type":"SearchAction","target":{"@type":"EntryPoint","urlTemplate":"https:\/\/www.ijslandsehondintwente.nl\/?s={search_term_string}"},"query-input":{"@type":"PropertyValueSpecification","valueRequired":true,"valueName":"search_term_string"}}],"inLanguage":"nl-NL"},{"@type":"Organization","@id":"https:\/\/www.ijslandsehondintwente.nl\/#organization","name":"IJslandse hond in twente","url":"https:\/\/www.ijslandsehondintwente.nl\/","logo":{"@type":"ImageObject","inLanguage":"nl-NL","@id":"https:\/\/www.ijslandsehondintwente.nl\/#\/schema\/logo\/image\/","url":"https:\/\/www.ijslandsehondintwente.nl\/wp-content\/uploads\/2023\/08\/cropped-logo-IJslandse-Honden-in-Twente-scaled-1.jpg","contentUrl":"https:\/\/www.ijslandsehondintwente.nl\/wp-content\/uploads\/2023\/08\/cropped-logo-IJslandse-Honden-in-Twente-scaled-1.jpg","width":2558,"height":982,"caption":"IJslandse hond in  twente"},"image":{"@id":"https:\/\/www.ijslandsehondintwente.nl\/#\/schema\/logo\/image\/"}}]}},"_links":{"self":[{"href":"https:\/\/www.ijslandsehondintwente.nl\/index.php?rest_route=\/wp\/v2\/pages\/546","targetHints":{"allow":["GET"]}}],"collection":[{"href":"https:\/\/www.ijslandsehondintwente.nl\/index.php?rest_route=\/wp\/v2\/pages"}],"about":[{"href":"https:\/\/www.ijslandsehondintwente.nl\/index.php?rest_route=\/wp\/v2\/types\/page"}],"author":[{"embeddable":true,"href":"https:\/\/www.ijslandsehondintwente.nl\/index.php?rest_route=\/wp\/v2\/users\/3317"}],"replies":[{"embeddable":true,"href":"https:\/\/www.ijslandsehondintwente.nl\/index.php?rest_route=%2Fwp%2Fv2%2Fcomments&post=546"}],"version-history":[{"count":19,"href":"https:\/\/www.ijslandsehondintwente.nl\/index.php?rest_route=\/wp\/v2\/pages\/546\/revisions"}],"predecessor-version":[{"id":587,"href":"https:\/\/www.ijslandsehondintwente.nl\/index.php?rest_route=\/wp\/v2\/pages\/546\/revisions\/587"}],"wp:attachment":[{"href":"https:\/\/www.ijslandsehondintwente.nl\/index.php?rest_route=%2Fwp%2Fv2%2Fmedia&parent=546"}],"curies":[{"name":"wp","href":"https:\/\/api.w.org\/{rel}","templated":true}]}}